{"id":2173,"date":"2025-02-16T22:35:25","date_gmt":"2025-02-16T21:35:25","guid":{"rendered":"https:\/\/www.podolan.sk\/?page_id=2173"},"modified":"2025-02-16T22:37:05","modified_gmt":"2025-02-16T21:37:05","slug":"terapeuticke-metody","status":"publish","type":"page","link":"https:\/\/www.podolan.sk\/en\/terapeuticke-metody\/","title":{"rendered":"(Sloven\u010dina) Terapeutick\u00e9 met\u00f3dy"},"content":{"rendered":"<p class=\"qtranxs-available-languages-message qtranxs-available-languages-message-en\">Sorry, this entry is only available in <a href=\"https:\/\/www.podolan.sk\/sk\/wp-json\/wp\/v2\/pages\/2173\" class=\"qtranxs-available-language-link qtranxs-available-language-link-sk\" title=\"Sloven\u010dina\">Sloven\u010dina<\/a>.<\/p>","protected":false},"excerpt":{"rendered":"<p>Sorry, this entry is only available in Sloven\u010dina.<\/p>\n","protected":false},"author":1,"featured_media":0,"parent":0,"menu_order":0,"comment_status":"closed","ping_status":"closed","template":"","meta":{"footnotes":""},"class_list":["post-2173","page","type-page","status-publish","hentry","description-off"],"aioseo_notices":[],"_links":{"self":[{"href":"https:\/\/www.podolan.sk\/en\/wp-json\/wp\/v2\/pages\/2173","targetHints":{"allow":["GET"]}}],"collection":[{"href":"https:\/\/www.podolan.sk\/en\/wp-json\/wp\/v2\/pages"}],"about":[{"href":"https:\/\/www.podolan.sk\/en\/wp-json\/wp\/v2\/types\/page"}],"author":[{"embeddable":true,"href":"https:\/\/www.podolan.sk\/en\/wp-json\/wp\/v2\/users\/1"}],"replies":[{"embeddable":true,"href":"https:\/\/www.podolan.sk\/en\/wp-json\/wp\/v2\/comments?post=2173"}],"version-history":[{"count":2,"href":"https:\/\/www.podolan.sk\/en\/wp-json\/wp\/v2\/pages\/2173\/revisions"}],"predecessor-version":[{"id":2176,"href":"https:\/\/www.podolan.sk\/en\/wp-json\/wp\/v2\/pages\/2173\/revisions\/2176"}],"wp:attachment":[{"href":"https:\/\/www.podolan.sk\/en\/wp-json\/wp\/v2\/media?parent=2173"}],"curies":[{"name":"wp","href":"https:\/\/api.w.org\/{rel}","templated":true}]}}