{"id":2179,"date":"2025-02-16T22:47:33","date_gmt":"2025-02-16T21:47:33","guid":{"rendered":"https:\/\/www.podolan.sk\/?page_id=2179"},"modified":"2026-01-19T08:58:29","modified_gmt":"2026-01-19T07:58:29","slug":"emdr-a-spracovanie-traumy","status":"publish","type":"page","link":"https:\/\/www.podolan.sk\/en\/emdr-a-spracovanie-traumy\/","title":{"rendered":"EMDR and Trauma Processing"},"content":{"rendered":"<div class=\"wpb-content-wrapper\"><p>TRAUMA: HOW TO TELL WHETHER IT AFFECTS US\" href=\"https:\/\/www.podolan.sk\/trauma-ako-rozpoznat-ci-sa-nas-tyka\/\">TRAUMA A JEJ FORMY: AKO ROZPOZNA\u0164, \u010cI SA N\u00c1S T\u00ddKA<\/a>.<\/em><\/strong><\/p>\n<ol>\n<li>Shapiro, E. and L. Maxfield, <em>The Efficacy of EMDR Early Interventions.<\/em> Journal of EMDR Practice &amp; Research, 2019. <strong>13<\/strong>(4).<\/li>\n<li>Organization, W.H., <em>Guidelines for the management of conditions that are specifically related to stress.<\/em> 2013.<\/li>\n<li>Van der Kolk, B.A., <em>The body keeps the score: Memory and the evolving psychobiology of posttraumatic stress.<\/em> Harvard review of psychiatry, 1994. <strong>1<\/strong>(5): p. 253-265.<\/li>\n<li>Van der Kolk, B., <em>The body keeps the score: Mind, brain and body in the transformation of trauma<\/em>. 2014, New York: Penguin UK.<\/li>\n<li>Maxfield, L. and L. Hyer, <em>The relationship between efficacy and methodology in studies investigating EMDR treatment of PTSD.<\/em> Journal of clinical psychology, 2002. <strong>58<\/strong>(1): p. 23-41.<\/li>\n<li>Valiente-G\u00f3mez, A., et al., <em>EMDR beyond PTSD: A systematic literature review.<\/em> Frontiers in psychology, 2017. <strong>8<\/strong>: p. 1668.<\/li>\n<li>Rho, Y.-A., J. Sherfey, and S. Vijayan, <em>Emotional Memory Processing during REM Sleep with Implications for Post-Traumatic Stress Disorder.<\/em> Journal of Neuroscience, 2023. <strong>43<\/strong>(3): p. 433-446.<\/li>\n<li>Pagani, M., et al., <em>Eye movement desensitization and reprocessing and slow wave sleep: a putative mechanism of action.<\/em> Frontiers in psychology, 2017. <strong>8<\/strong>: p. 1935.<\/li>\n<li>RalaUS, D., <em>Spracovanie traumatick\u00fdch z\u00e1\u017eitkov pomocou o\u010dn\u00fdch pohybov EMDR.<\/em> Psychiatria, 2006. <strong>13<\/strong>: p. 167-76.<\/li>\n<li>Rydberg, J.A. and J. Machado, <em>Integrative psychotherapy and psychotherapy integration: The case of EMDR.<\/em> European Journal of Trauma &amp; Dissociation, 2020. <strong>4<\/strong>(3): p. 100165.<\/li>\n<\/ol>\n<p>[\/vc_column_text][\/vc_column][vc_column width=&#8221;1\/6&#8243;][\/vc_column][\/vc_row][vc_row][vc_column width=&#8221;1\/6&#8243;][\/vc_column][vc_column width=&#8221;2\/3&#8243;][vc_column_text css=&#8221;&#8221;]<\/p>\n<h1>EMDR AND TRAUMA PRECESSING<\/h1>\n<p style=\"text-align: justify;\">EMDR is a trauma processing technique that resembles the Japanese art of <em>kintsugi<\/em> (\u91d1\u7d99\u304e) \u2013 &#8220;<strong>repairing with gold<\/strong>.&#8221; <em>Kintsugi<\/em> does not conceal or hide the cracks, but connects them with gold, turning them into a more beautiful and unique work of art. Similarly, EMDR does not erase painful memories or hide inner scars, but helps process them so that they are no longer a source of suffering, but become part of inner harmony, deeper self-awareness, and add new value and strength to our story.<\/p>\n<div id=\"attachment_2300\" style=\"width: 1610px\" class=\"wp-caption alignnone\"><img loading=\"lazy\" decoding=\"async\" aria-describedby=\"caption-attachment-2300\" class=\"wp-image-2300 size-full\" src=\"https:\/\/www.podolan.sk\/wp-content\/uploads\/2025\/03\/EMDR-1.jpg\" alt=\"\" width=\"1600\" height=\"1063\" srcset=\"https:\/\/www.podolan.sk\/wp-content\/uploads\/2025\/03\/EMDR-1.jpg 1600w, https:\/\/www.podolan.sk\/wp-content\/uploads\/2025\/03\/EMDR-1-300x199.jpg 300w, https:\/\/www.podolan.sk\/wp-content\/uploads\/2025\/03\/EMDR-1-1024x680.jpg 1024w, https:\/\/www.podolan.sk\/wp-content\/uploads\/2025\/03\/EMDR-1-768x510.jpg 768w, https:\/\/www.podolan.sk\/wp-content\/uploads\/2025\/03\/EMDR-1-1536x1020.jpg 1536w\" sizes=\"auto, (max-width: 1600px) 100vw, 1600px\" \/><p id=\"caption-attachment-2300\" class=\"wp-caption-text\"><span style=\"font-size: 8pt;\"><em>Kintsugi transforms imperfection of broken bowl into strength and beauty, while EMDR therapy turns injuries into sources of resilience and value.<\/em><\/span><\/p><\/div>\n<p style=\"text-align: justify;\">EMDR was developed in the 1980s by psychologist Francine Shapiro and has since undergone extensive research. It is considered one of the most effective therapeutic methods for processing trauma, particularly post-traumatic stress disorder (PTSD) [1, 2]. Today, it is recognized by many professional organizations, including the World Health Organization (WHO).<\/p>\n<p style=\"text-align: justify;\">EMDR has evolved into a specific therapeutic discipline that continues to adapt to new areas of trauma therapy. Studies show that EMDR is more effective in PTSD therapy compared to cognitive-behavioral therapy (CBT) or dialectical behavioral therapy (DBT) [3, 4], because it directly affects the neurobiological mechanisms of trauma processing and enables the rapid integration of traumatic experiences into consciousness \u00a0[4, 5].<\/p>\n<div id=\"attachment_2301\" style=\"width: 1610px\" class=\"wp-caption alignnone\"><img loading=\"lazy\" decoding=\"async\" aria-describedby=\"caption-attachment-2301\" class=\"wp-image-2301 size-full\" src=\"https:\/\/www.podolan.sk\/wp-content\/uploads\/2025\/03\/EMDR-2.jpg\" alt=\"\" width=\"1600\" height=\"1067\" srcset=\"https:\/\/www.podolan.sk\/wp-content\/uploads\/2025\/03\/EMDR-2.jpg 1600w, https:\/\/www.podolan.sk\/wp-content\/uploads\/2025\/03\/EMDR-2-300x200.jpg 300w, https:\/\/www.podolan.sk\/wp-content\/uploads\/2025\/03\/EMDR-2-1024x683.jpg 1024w, https:\/\/www.podolan.sk\/wp-content\/uploads\/2025\/03\/EMDR-2-768x512.jpg 768w, https:\/\/www.podolan.sk\/wp-content\/uploads\/2025\/03\/EMDR-2-1536x1024.jpg 1536w\" sizes=\"auto, (max-width: 1600px) 100vw, 1600px\" \/><p id=\"caption-attachment-2301\" class=\"wp-caption-text\"><span style=\"font-size: 8pt;\"><em>Broken mug repaired with the kintsugi art. A lacquer mixed with gold powder is applied to the cracks.<\/em><\/span><\/p><\/div>\n<p><strong>HOW DOES EMDR AND TRAUMA PROCESSING WORK?<\/strong><\/p>\n<p style=\"text-align: justify;\">In the EMDR process, alternating stimuli are used, such as eye movements (e.g., following the therapist\u2019s fingers), rhythmic sounds (e.g., finger snapping near the ears or sounds in headphones), or touches (e.g., tapping on the hands or under the collarbones). This process enhances parasympathetic regulation, thereby reducing the stress response and creating a sense of safety. At the same time, it activates both hemispheres of the brain, decreases amygdala activity, and facilitates memory processing in the hippocampus and prefrontal cortex [6]. It also triggers processes similar to REM sleep, which processes emotions, consolidates memory, and helps integrate fragmented memories into a broader orientational\u2014temporal and spatial\u2014context [7, 8].<\/p>\n<p style=\"text-align: justify;\">As a result, EMDR enables the brain to complete what trauma had interrupted\u2014processing blocked experiences and reducing their emotional intensity. This, in turn, decreases their unexpected activation in situations such as criticism, feelings of guilt, or sensory triggers (e.g., nonverbal cues, loud noises, smells) that originally evoked a traumatic response. By doing so, EMDR promotes better orientation in the present, reducing the impact of past emotional experiences on daily life, relationships, and psychological balance.<\/p>\n<div id=\"attachment_2302\" style=\"width: 1610px\" class=\"wp-caption alignnone\"><img loading=\"lazy\" decoding=\"async\" aria-describedby=\"caption-attachment-2302\" class=\"wp-image-2302 size-full\" src=\"https:\/\/www.podolan.sk\/wp-content\/uploads\/2025\/03\/EMDR-3.jpg\" alt=\"\" width=\"1600\" height=\"1067\" srcset=\"https:\/\/www.podolan.sk\/wp-content\/uploads\/2025\/03\/EMDR-3.jpg 1600w, https:\/\/www.podolan.sk\/wp-content\/uploads\/2025\/03\/EMDR-3-300x200.jpg 300w, https:\/\/www.podolan.sk\/wp-content\/uploads\/2025\/03\/EMDR-3-1024x683.jpg 1024w, https:\/\/www.podolan.sk\/wp-content\/uploads\/2025\/03\/EMDR-3-768x512.jpg 768w, https:\/\/www.podolan.sk\/wp-content\/uploads\/2025\/03\/EMDR-3-1536x1024.jpg 1536w\" sizes=\"auto, (max-width: 1600px) 100vw, 1600px\" \/><p id=\"caption-attachment-2302\" class=\"wp-caption-text\"><span style=\"font-size: 8pt;\"><em>Damaged pieces of ceramics are joined together with a special resin lacquer mixed with gold powder.<\/em><\/span><\/p><\/div>\n<p><strong>FOR WHOM IS TRAUMA PROCESSING (EMDR) SUITABLE?<\/strong><\/p>\n<p style=\"text-align: justify;\">All traumatic experiences can be treated. EMDR is suitable for those who have faced traumatic experiences with a big &#8220;T&#8221; (e.g., accidents, violence, loss of a loved one, assault, medical procedures with severe consequences), as well as for those who have experienced trauma with a small &#8220;t&#8221; (neglecting, manipulative, and coercive relationships) or complex developmental trauma (e.g., prolonged childhood stress, bullying, neglect, abuse). It is effective in treating post-traumatic stress disorder (PTSD) and related difficulties such as anxiety and depression.<\/p>\n<p style=\"text-align: justify;\">In cases of simple, one-time traumatic experiences in individuals with sufficient inner resources, EMDR can bring relief after just a few sessions. However, in cases of prolonged or repeated traumatization, especially if it stems from childhood, treatment may require more time, a combination of various therapeutic approaches (e.g., psychoanalysis, ITSDP, AEDP), and a lot of patience from both the patient and the therapist.<\/p>\n<p style=\"text-align: justify;\">EMDR allows the emotional charge of memories to be processed without the need for detailed analysis, which is especially beneficial for those who feel emotionally exhausted and do not want to return to repeatedly revisiting the past. When integrated with other therapies, the treatment of small &#8220;t&#8221; traumas can be accelerated and become more efficient [9, 10].<\/p>\n<p style=\"text-align: justify;\">Trauma does not have just one form, and it often does not announce itself through a dramatic memory. It may appear more subtly\u2014in the way we experience emotions, in how we respond in close relationships, or in the fact that we repeatedly find ourselves in similar relational difficulties, even though we wish for something different. Many people remain unaware for a long time that answers to their questions about themselves and their relationships may be hidden precisely within these recurring patterns. If you are curious about which of these experiences may relate to you, how we understand traumatic experiences from a professional perspective, and how we work with them in therapy, you can continue in the section <strong><em><a title=\"TRAUMA: HOW TO TELL WHETHER IT AFFECTS US\" href=\"https:\/\/www.podolan.sk\/trauma-ako-rozpoznat-ci-sa-nas-tyka\/\">TRAUMA AND ITS FORMS: HOW TO RECOGNIZE WHETHER IT APPLIES TO US<\/a>.<\/em><\/strong><\/p>\n<ol>\n<li>Shapiro, E. and L. Maxfield, <em>The Efficacy of EMDR Early Interventions.<\/em> Journal of EMDR Practice &amp; Research, 2019. <strong>13<\/strong>(4).<\/li>\n<li>Organization, W.H., <em>Guidelines for the management of conditions that are specifically related to stress.<\/em> 2013.<\/li>\n<li>Van der Kolk, B.A., <em>The body keeps the score: Memory and the evolving psychobiology of posttraumatic stress.<\/em> Harvard review of psychiatry, 1994. <strong>1<\/strong>(5): p. 253-265.<\/li>\n<li>Van der Kolk, B., <em>The body keeps the score: Mind, brain and body in the transformation of trauma<\/em>. 2014, New York: Penguin UK.<\/li>\n<li>Maxfield, L. and L. Hyer, <em>The relationship between efficacy and methodology in studies investigating EMDR treatment of PTSD.<\/em> Journal of clinical psychology, 2002. <strong>58<\/strong>(1): p. 23-41.<\/li>\n<li>Valiente-G\u00f3mez, A., et al., <em>EMDR beyond PTSD: A systematic literature review.<\/em> Frontiers in psychology, 2017. <strong>8<\/strong>: p. 1668.<\/li>\n<li>Rho, Y.-A., J. Sherfey, and S. Vijayan, <em>Emotional Memory Processing during REM Sleep with Implications for Post-Traumatic Stress Disorder.<\/em> Journal of Neuroscience, 2023. <strong>43<\/strong>(3): p. 433-446.<\/li>\n<li>Pagani, M., et al., <em>Eye movement desensitization and reprocessing and slow wave sleep: a putative mechanism of action.<\/em> Frontiers in psychology, 2017. <strong>8<\/strong>: p. 1935.<\/li>\n<li>RalaUS, D., <em>Spracovanie traumatick\u00fdch z\u00e1\u017eitkov pomocou o\u010dn\u00fdch pohybov EMDR.<\/em> Psychiatria, 2006. <strong>13<\/strong>: p. 167-76.<\/li>\n<li>Rydberg, J.A. and J. Machado, <em>Integrative psychotherapy and psychotherapy integration: The case of EMDR.<\/em> European Journal of Trauma &amp; Dissociation, 2020. <strong>4<\/strong>(3): p. 100165.<\/li>\n<\/ol>\n<p>[\/vc_column_text][\/vc_column][vc_column width=&#8221;1\/6&#8243;][\/vc_column][\/vc_row]<\/p>\n<\/div>","protected":false},"excerpt":{"rendered":"<p>TRAUMA: HOW TO TELL WHETHER IT AFFECTS US&#8221; href=&#8221;https:\/\/www.podolan.sk\/trauma-ako-rozpoznat-ci-sa-nas-tyka\/&#8221;>TRAUMA A JEJ FORMY: AKO ROZPOZNA\u0164, \u010cI SA N\u00c1S T\u00ddKA. Shapiro, E. and L. Maxfield, The Efficacy of EMDR Early Interventions. Journal of EMDR Practice &amp; Research, 2019. 13(4). Organization, W.H., Guidelines for the management of conditions that are specifically related to stress. 2013. Van der Kolk,&hellip;<\/p>\n","protected":false},"author":1,"featured_media":0,"parent":0,"menu_order":0,"comment_status":"closed","ping_status":"closed","template":"","meta":{"footnotes":""},"class_list":["post-2179","page","type-page","status-publish","hentry","description-off"],"aioseo_notices":[],"_links":{"self":[{"href":"https:\/\/www.podolan.sk\/en\/wp-json\/wp\/v2\/pages\/2179","targetHints":{"allow":["GET"]}}],"collection":[{"href":"https:\/\/www.podolan.sk\/en\/wp-json\/wp\/v2\/pages"}],"about":[{"href":"https:\/\/www.podolan.sk\/en\/wp-json\/wp\/v2\/types\/page"}],"author":[{"embeddable":true,"href":"https:\/\/www.podolan.sk\/en\/wp-json\/wp\/v2\/users\/1"}],"replies":[{"embeddable":true,"href":"https:\/\/www.podolan.sk\/en\/wp-json\/wp\/v2\/comments?post=2179"}],"version-history":[{"count":16,"href":"https:\/\/www.podolan.sk\/en\/wp-json\/wp\/v2\/pages\/2179\/revisions"}],"predecessor-version":[{"id":2428,"href":"https:\/\/www.podolan.sk\/en\/wp-json\/wp\/v2\/pages\/2179\/revisions\/2428"}],"wp:attachment":[{"href":"https:\/\/www.podolan.sk\/en\/wp-json\/wp\/v2\/media?parent=2179"}],"curies":[{"name":"wp","href":"https:\/\/api.w.org\/{rel}","templated":true}]}}